{"id":50,"date":"2025-02-17T12:44:36","date_gmt":"2025-02-17T12:44:36","guid":{"rendered":"https:\/\/wetterauer-kanalreinigung.de\/index.php\/about\/"},"modified":"2025-02-17T12:44:46","modified_gmt":"2025-02-17T12:44:46","slug":"about","status":"publish","type":"page","link":"https:\/\/wetterauer-kanalreinigung.de\/index.php\/about\/","title":{"rendered":"About"},"content":{"rendered":"<div class=\"\" style=\"\" >\n   \n    <section class=\"u-clearfix u-custom-color-1 u-section-1\" id=\"carousel_26ff\">\n      <img decoding=\"async\" class=\"u-image u-image-contain u-image-default u-image-1\" src=\"https:\/\/wetterauer-kanalreinigung.de\/wp-content\/uploads\/2025\/02\/notruf_1-1.png\" alt=\"\" data-image-width=\"300\" data-image-height=\"299\" data-href=\"tel:+4960327003112\">\n      <div class=\"u-align-center u-container-style u-group u-image u-image-2\" data-image-width=\"1592\" data-image-height=\"1300\" data-href=\"https:\/\/wetterauer-kanalreinigung.de\/index.php\/startseite\/\" style=\"background-image: url(&quot;https:\/\/wetterauer-kanalreinigung.de\/wp-content\/uploads\/2025\/02\/WetterauerKanalreinigungLogo20221-1.png?rand=7744&quot;);\">\n        <div class=\"u-container-layout u-container-layout-1\"><\/div>\n      <\/div>\n      <img decoding=\"async\" class=\"u-hidden-md u-hidden-sm u-hidden-xs u-image u-image-default u-image-3\" src=\"https:\/\/wetterauer-kanalreinigung.de\/wp-content\/uploads\/2025\/02\/mouse_header_2-1.png\" alt=\"\" data-image-width=\"500\" data-image-height=\"275\">\n    <\/section>\n    <section class=\"u-align-center u-border-4 u-border-custom-color-2 u-border-no-left u-border-no-right u-border-no-top u-clearfix u-grey-90 u-hidden-sm u-hidden-xs u-section-2\" id=\"sec-880e\">\n      <div class=\"u-expanded-width u-hidden-sm u-list u-list-1\">\n        <div class=\"u-repeater u-repeater-1\">\n          <div class=\"u-container-align-center u-container-style u-list-item u-repeater-item\" data-href=\"https:\/\/wetterauer-kanalreinigung.de\/index.php\/startseite\/#carousel_8218\">\n            <div class=\"u-container-layout u-similar-container u-valign-middle u-container-layout-1\">\n              <p class=\"u-align-center u-text u-text-default u-text-1\">\n                <a class=\"u-active-none u-border-none u-btn u-button-link u-button-style u-hover-none u-none u-text-body-alt-color u-text-hover-custom-color-2 u-btn-1\" href=\"https:\/\/wetterauer-kanalreinigung.de\/index.php\/startseite\/#carousel_8218\">Leistungen<\/a>\n              <\/p>\n            <\/div>\n          <\/div>\n          <div class=\"u-container-align-center u-container-style u-list-item u-repeater-item\">\n            <div class=\"u-container-layout u-similar-container u-valign-middle u-container-layout-2\">\n              <p class=\"u-align-center u-text u-text-default u-text-2\">\n                <a class=\"u-active-none u-border-none u-btn u-button-link u-button-style u-hover-none u-none u-text-body-alt-color u-text-hover-custom-color-2 u-btn-2\" href=\"https:\/\/wetterauer-kanalreinigung.de\/index.php\/about\/\">\u00dcber Uns<\/a>\n              <\/p>\n            <\/div>\n          <\/div>\n          <div class=\"u-container-align-center u-container-style u-list-item u-repeater-item\">\n            <div class=\"u-container-layout u-similar-container u-valign-middle u-container-layout-3\">\n              <p class=\"u-align-center u-text u-text-default u-text-3\">\n                <a class=\"u-active-none u-border-none u-btn u-button-link u-button-style u-hover-none u-none u-text-body-alt-color u-text-hover-custom-color-2 u-btn-3\" href=\"https:\/\/wetterauer-kanalreinigung.de\/index.php\/startseite\/#carousel_cbf1\">Unser Aktionsradius<\/a>\n              <\/p>\n            <\/div>\n          <\/div>\n          <div class=\"u-container-align-center u-container-style u-list-item u-repeater-item\">\n            <div class=\"u-container-layout u-similar-container u-valign-middle u-container-layout-4\">\n              <p class=\"u-align-center u-text u-text-default u-text-4\">\n                <a class=\"u-active-none u-border-none u-btn u-button-link u-button-style u-hover-none u-none u-text-body-alt-color u-text-hover-custom-color-2 u-btn-4\" href=\"https:\/\/wetterauer-kanalreinigung.de\/index.php\/kontakt\/\">Kontakt<\/a>\n              <\/p>\n            <\/div>\n          <\/div>\n          <div class=\"u-container-align-center u-container-style u-list-item u-repeater-item\">\n            <div class=\"u-container-layout u-similar-container u-valign-middle u-container-layout-5\">\n              <p class=\"u-align-center u-text u-text-default u-text-5\">\n                <a class=\"u-active-none u-border-2 u-border-white u-btn u-button-style u-file-link u-hover-none u-none u-text-body-alt-color u-text-hover-custom-color-2 u-btn-5\" href=\"https:\/\/wetterauer-kanalreinigung.de\/wp-content\/uploads\/2025\/02\/Freistellungsbescheinigung-1.pdf\">Freistellungsbescheid<\/a>\n              <\/p>\n            <\/div>\n          <\/div>\n        <\/div>\n      <\/div>\n    <\/section>\n    <section class=\"u-clearfix u-custom-color-1 u-section-3\" id=\"carousel_8218\">\n      <div class=\"u-clearfix u-sheet u-sheet-1\">\n        <div class=\"u-container-style u-expanded-width-md u-expanded-width-sm u-expanded-width-xs u-group u-group-1\">\n          <div class=\"u-container-layout u-container-layout-1\">\n            <h2 class=\"u-align-center u-custom-font u-font-titillium-Web u-text u-text-1\">\u00dcBER UNS<\/h2>\n          <\/div>\n        <\/div>\n        <div class=\"u-clearfix u-expanded-width u-layout-wrap u-layout-wrap-1\">\n          <div class=\"u-layout\">\n            <div class=\"u-layout-row\">\n              <div class=\"u-container-style u-layout-cell u-size-30 u-layout-cell-1\">\n                <div class=\"u-container-layout u-container-layout-2\">\n                  <p class=\"u-text u-text-default u-text-2\"> Schon seit Jahrzehnten steht der Name Stamm, in der Wetterau, f\u00fcr solides Handwerk \u2013 mit viel Erfahrung und Einsatzbereitschaft wurde ein stetig wachsender Kundenstamm in Bad Nauheim und Umgebung aufgebaut.<br>\n                    <br>Nach langj\u00e4hriger Praxis als Sanit\u00e4r- und Heizungsbaumeister, bin auch ich der Familientradition gefolgt und habe 2012 dieses Unternehmen gegr\u00fcndet.<br>\n                    <br>Mit regelm\u00e4\u00dfigen Schulungen und Seminaren habe ich mich auf Kanal TV-Inspektion, Rohrverlaufsortung, R\u00fcckstausicherung, Regenwasserzisternen und Rohrreinigung spezialisiert,ob im Privathaushalt, dem Gewerbe oder in der Industrie \u2013 aufgrund unserer langj\u00e4hrigen Erfahrung, modernsten ger\u00e4ten und neuester Technik, bin ich in der Lage, Probleme schnellstm\u00f6glich zu lokalisieren, und diese zu beseitigen.&nbsp;<br>\n                    <br>Mit diesem service stehe ich Ihnen mit unserem Notruf 24 Stunden t\u00e4glich zur Verf\u00fcgung und das 7 Tage die Woche.Wir sind Ihr professioneller Ansprechpartner, wenn es um Kanal- und Rohrreinigungsservice in Bad Nauheim, Butzbach oder anliegenden Landkreisen geht.\n                  <\/p>\n                <\/div>\n              <\/div>\n              <div class=\"u-container-align-center u-container-style u-image u-image-contain u-layout-cell u-size-30 u-image-1\" data-image-width=\"1024\" data-image-height=\"1536\" style=\"background-image: url(&quot;https:\/\/wetterauer-kanalreinigung.de\/wp-content\/uploads\/2025\/02\/IKF_84702-1.jpg&quot;);\">\n                <div class=\"u-container-layout u-container-layout-3\"><\/div>\n              <\/div>\n            <\/div>\n          <\/div>\n        <\/div>\n      <\/div>\n    <\/section>\n    <section class=\"u-black u-clearfix u-section-4\" id=\"carousel_3e9c\">\n      <div class=\"u-clearfix u-sheet u-sheet-1\">\n        <div class=\"u-clearfix u-disable-padding u-expanded-width u-gutter-0 u-layout-wrap u-layout-wrap-1\">\n          <div class=\"u-layout\">\n            <div class=\"u-layout-row\">\n              <div class=\"u-container-style u-layout-cell u-left-cell u-similar-fill u-size-21 u-layout-cell-1\">\n                <div class=\"u-container-layout u-container-layout-1\">\n                  <h2 class=\"u-align-center u-text u-text-1\">\u00dcBER UNS<\/h2>\n                  <h6 class=\"u-align-left u-text u-text-2\"> Wetterauer Kanal- und Rohrreinigung in Bad Nauheim \u2013 Ihrem professionellen Partner f\u00fcr die Reparatur, Sanierung, S\u00e4uberung und Instandhaltung von Abflussleitungen.<br>\n                    <br>Ob verstopfte Abflussrohre, zu reinigende Regenwasser-Zisternen-Anlagen, Abwasser-R\u00fcckstausicherung oder Kamera-Befahrungen Ihrer Abflussleitungen \u2013 wir helfen Ihnen schnell, zuverl\u00e4ssig und g\u00fcnstig.\n                  <\/h6>\n                <\/div>\n              <\/div>\n              <div class=\"u-container-style u-layout-cell u-right-cell u-size-19 u-layout-cell-2\">\n                <div class=\"u-container-layout u-valign-middle u-container-layout-2\">\n                  <h2 class=\"u-align-center u-text u-text-3\"> HIER FINDEN SIE UNS:<\/h2>\n                  <p class=\"u-align-left u-text u-text-4\"> Hauptsitz<br>Ernst-Ludwig-Ring 38<br style=\"margin-bottom: 0px;\">61231 Bad Nauheim<br>\n                    <br>Tel.: 06032 \u2013 70 03 112<br>\n                  <\/p>\n                  <ul class=\"tatsu-hg1e8tuycr6wqdks tatsu-list tatsu-lists-icon tatsu-module\" style=\"padding: 0px; line-height: inherit; margin: 10px 0px 0px; list-style: none; border: 0px; font-size: 13px; vertical-align: baseline; background: transparent;\"><\/ul>\n                  <br><i class=\"icon-location tatsu-icon\" style=\"margin: 0px; padding: 0px; border: 0px; font-size: 15px; vertical-align: middle; background: transparent; display: block; position: absolute; line-height: 0; left: 15px; top: 15px; transform: translate(-50%, -50%); color: rgb(226, 226, 226);\"><\/i>Niederlassung<br>Roter Lohweg 22<br style=\"margin-bottom: 0px;\">35510 Butzbach<br>\n                  <br>Tel.: 06033 \u2013 925 68 12<br>\n                  <br><i class=\"icon-icon_mail tatsu-icon\" style=\"margin: 0px; padding: 0px; border: 0px; font-size: 15px; vertical-align: middle; background: transparent; display: block; position: absolute; line-height: 0; left: 15px; top: 15px; transform: translate(-50%, -50%); color: rgb(226, 226, 226);\"><\/i>info (at) wetterauer-kanalreinigung.de<br>\n                  <p><\/p>\n                <\/div>\n              <\/div>\n              <div class=\"u-container-align-center u-container-style u-layout-cell u-size-20\">\n                <div class=\"u-container-layout u-container-layout-3\">\n                  <img decoding=\"async\" class=\"u-image u-image-default u-image-1\" src=\"https:\/\/wetterauer-kanalreinigung.de\/wp-content\/uploads\/2025\/02\/vdrk_logo-300x256-2.jpg\" alt=\"\" data-image-width=\"300\" data-image-height=\"256\">\n                  <p class=\"u-text u-text-default u-text-5\"> Eingetragenes Mitglied im Verband der Rohr- und Kanal-Technik-Unternehmen e.V.<\/p>\n                <\/div>\n              <\/div>\n            <\/div>\n          <\/div>\n        <\/div>\n      <\/div>\n    <\/section>\n    \n    \n    \n    \n  \n<\/div>","protected":false},"excerpt":{"rendered":"<p>Leistungen \u00dcber Uns Unser Aktionsradius Kontakt Freistellungsbescheid \u00dcBER UNS Schon seit Jahrzehnten steht der Name Stamm, in der Wetterau, f\u00fcr [&hellip;]<\/p>\n","protected":false},"author":1,"featured_media":0,"parent":0,"menu_order":3,"comment_status":"closed","ping_status":"closed","template":"","meta":{"site-sidebar-layout":"default","site-content-layout":"","ast-site-content-layout":"default","site-content-style":"default","site-sidebar-style":"default","ast-global-header-display":"","ast-banner-title-visibility":"","ast-main-header-display":"","ast-hfb-above-header-display":"","ast-hfb-below-header-display":"","ast-hfb-mobile-header-display":"","site-post-title":"","ast-breadcrumbs-content":"","ast-featured-img":"","footer-sml-layout":"","theme-transparent-header-meta":"","adv-header-id-meta":"","stick-header-meta":"","header-above-stick-meta":"","header-main-stick-meta":"","header-below-stick-meta":"","astra-migrate-meta-layouts":"default","ast-page-background-enabled":"default","ast-page-background-meta":{"desktop":{"background-color":"var(--ast-global-color-5)","background-image":"","background-repeat":"repeat","background-position":"center center","background-size":"auto","background-attachment":"scroll","background-type":"","background-media":"","overlay-type":"","overlay-color":"","overlay-opacity":"","overlay-gradient":""},"tablet":{"background-color":"","background-image":"","background-repeat":"repeat","background-position":"center center","background-size":"auto","background-attachment":"scroll","background-type":"","background-media":"","overlay-type":"","overlay-color":"","overlay-opacity":"","overlay-gradient":""},"mobile":{"background-color":"","background-image":"","background-repeat":"repeat","background-position":"center center","background-size":"auto","background-attachment":"scroll","background-type":"","background-media":"","overlay-type":"","overlay-color":"","overlay-opacity":"","overlay-gradient":""}},"ast-content-background-meta":{"desktop":{"background-color":"var(--ast-global-color-4)","background-image":"","background-repeat":"repeat","background-position":"center center","background-size":"auto","background-attachment":"scroll","background-type":"","background-media":"","overlay-type":"","overlay-color":"","overlay-opacity":"","overlay-gradient":""},"tablet":{"background-color":"var(--ast-global-color-4)","background-image":"","background-repeat":"repeat","background-position":"center center","background-size":"auto","background-attachment":"scroll","background-type":"","background-media":"","overlay-type":"","overlay-color":"","overlay-opacity":"","overlay-gradient":""},"mobile":{"background-color":"var(--ast-global-color-4)","background-image":"","background-repeat":"repeat","background-position":"center center","background-size":"auto","background-attachment":"scroll","background-type":"","background-media":"","overlay-type":"","overlay-color":"","overlay-opacity":"","overlay-gradient":""}},"footnotes":""},"class_list":["post-50","page","type-page","status-publish","hentry"],"yoast_head":"<!-- This site is optimized with the Yoast SEO plugin v25.8 - https:\/\/yoast.com\/wordpress\/plugins\/seo\/ -->\n<title>About - Wetterauer Kanalreinigung und Rohreinigung<\/title>\n<meta name=\"robots\" content=\"index, follow, max-snippet:-1, max-image-preview:large, max-video-preview:-1\" \/>\n<link rel=\"canonical\" href=\"https:\/\/wetterauer-kanalreinigung.de\/index.php\/about\/\" \/>\n<meta property=\"og:locale\" content=\"de_DE\" \/>\n<meta property=\"og:type\" content=\"article\" \/>\n<meta property=\"og:title\" content=\"About - Wetterauer Kanalreinigung und Rohreinigung\" \/>\n<meta property=\"og:description\" content=\"Leistungen \u00dcber Uns Unser Aktionsradius Kontakt Freistellungsbescheid \u00dcBER UNS Schon seit Jahrzehnten steht der Name Stamm, in der Wetterau, f\u00fcr [&hellip;]\" \/>\n<meta property=\"og:url\" content=\"https:\/\/wetterauer-kanalreinigung.de\/index.php\/about\/\" \/>\n<meta property=\"og:site_name\" content=\"Wetterauer Kanalreinigung und Rohreinigung\" \/>\n<meta property=\"article:modified_time\" content=\"2025-02-17T12:44:46+00:00\" \/>\n<meta name=\"twitter:card\" content=\"summary_large_image\" \/>\n<meta name=\"twitter:label1\" content=\"Gesch\u00e4tzte Lesezeit\" \/>\n\t<meta name=\"twitter:data1\" content=\"1\u00a0Minute\" \/>\n<script type=\"application\/ld+json\" class=\"yoast-schema-graph\">{\"@context\":\"https:\/\/schema.org\",\"@graph\":[{\"@type\":\"WebPage\",\"@id\":\"https:\/\/wetterauer-kanalreinigung.de\/index.php\/about\/\",\"url\":\"https:\/\/wetterauer-kanalreinigung.de\/index.php\/about\/\",\"name\":\"About - Wetterauer Kanalreinigung und Rohreinigung\",\"isPartOf\":{\"@id\":\"https:\/\/wetterauer-kanalreinigung.de\/#website\"},\"datePublished\":\"2025-02-17T12:44:36+00:00\",\"dateModified\":\"2025-02-17T12:44:46+00:00\",\"breadcrumb\":{\"@id\":\"https:\/\/wetterauer-kanalreinigung.de\/index.php\/about\/#breadcrumb\"},\"inLanguage\":\"de\",\"potentialAction\":[{\"@type\":\"ReadAction\",\"target\":[\"https:\/\/wetterauer-kanalreinigung.de\/index.php\/about\/\"]}]},{\"@type\":\"BreadcrumbList\",\"@id\":\"https:\/\/wetterauer-kanalreinigung.de\/index.php\/about\/#breadcrumb\",\"itemListElement\":[{\"@type\":\"ListItem\",\"position\":1,\"name\":\"Startseite\",\"item\":\"https:\/\/wetterauer-kanalreinigung.de\/\"},{\"@type\":\"ListItem\",\"position\":2,\"name\":\"About\"}]},{\"@type\":\"WebSite\",\"@id\":\"https:\/\/wetterauer-kanalreinigung.de\/#website\",\"url\":\"https:\/\/wetterauer-kanalreinigung.de\/\",\"name\":\"Wetterauer Kanalreinigung und Rohreinigung\",\"description\":\"ZISTERNENREINIGUNG, KANAL TV-INSPEKTION\",\"potentialAction\":[{\"@type\":\"SearchAction\",\"target\":{\"@type\":\"EntryPoint\",\"urlTemplate\":\"https:\/\/wetterauer-kanalreinigung.de\/?s={search_term_string}\"},\"query-input\":{\"@type\":\"PropertyValueSpecification\",\"valueRequired\":true,\"valueName\":\"search_term_string\"}}],\"inLanguage\":\"de\"}]}<\/script>\n<!-- \/ Yoast SEO plugin. -->","yoast_head_json":{"title":"About - Wetterauer Kanalreinigung und Rohreinigung","robots":{"index":"index","follow":"follow","max-snippet":"max-snippet:-1","max-image-preview":"max-image-preview:large","max-video-preview":"max-video-preview:-1"},"canonical":"https:\/\/wetterauer-kanalreinigung.de\/index.php\/about\/","og_locale":"de_DE","og_type":"article","og_title":"About - Wetterauer Kanalreinigung und Rohreinigung","og_description":"Leistungen \u00dcber Uns Unser Aktionsradius Kontakt Freistellungsbescheid \u00dcBER UNS Schon seit Jahrzehnten steht der Name Stamm, in der Wetterau, f\u00fcr [&hellip;]","og_url":"https:\/\/wetterauer-kanalreinigung.de\/index.php\/about\/","og_site_name":"Wetterauer Kanalreinigung und Rohreinigung","article_modified_time":"2025-02-17T12:44:46+00:00","twitter_card":"summary_large_image","twitter_misc":{"Gesch\u00e4tzte Lesezeit":"1\u00a0Minute"},"schema":{"@context":"https:\/\/schema.org","@graph":[{"@type":"WebPage","@id":"https:\/\/wetterauer-kanalreinigung.de\/index.php\/about\/","url":"https:\/\/wetterauer-kanalreinigung.de\/index.php\/about\/","name":"About - Wetterauer Kanalreinigung und Rohreinigung","isPartOf":{"@id":"https:\/\/wetterauer-kanalreinigung.de\/#website"},"datePublished":"2025-02-17T12:44:36+00:00","dateModified":"2025-02-17T12:44:46+00:00","breadcrumb":{"@id":"https:\/\/wetterauer-kanalreinigung.de\/index.php\/about\/#breadcrumb"},"inLanguage":"de","potentialAction":[{"@type":"ReadAction","target":["https:\/\/wetterauer-kanalreinigung.de\/index.php\/about\/"]}]},{"@type":"BreadcrumbList","@id":"https:\/\/wetterauer-kanalreinigung.de\/index.php\/about\/#breadcrumb","itemListElement":[{"@type":"ListItem","position":1,"name":"Startseite","item":"https:\/\/wetterauer-kanalreinigung.de\/"},{"@type":"ListItem","position":2,"name":"About"}]},{"@type":"WebSite","@id":"https:\/\/wetterauer-kanalreinigung.de\/#website","url":"https:\/\/wetterauer-kanalreinigung.de\/","name":"Wetterauer Kanalreinigung und Rohreinigung","description":"ZISTERNENREINIGUNG, KANAL TV-INSPEKTION","potentialAction":[{"@type":"SearchAction","target":{"@type":"EntryPoint","urlTemplate":"https:\/\/wetterauer-kanalreinigung.de\/?s={search_term_string}"},"query-input":{"@type":"PropertyValueSpecification","valueRequired":true,"valueName":"search_term_string"}}],"inLanguage":"de"}]}},"_links":{"self":[{"href":"https:\/\/wetterauer-kanalreinigung.de\/index.php\/wp-json\/wp\/v2\/pages\/50","targetHints":{"allow":["GET"]}}],"collection":[{"href":"https:\/\/wetterauer-kanalreinigung.de\/index.php\/wp-json\/wp\/v2\/pages"}],"about":[{"href":"https:\/\/wetterauer-kanalreinigung.de\/index.php\/wp-json\/wp\/v2\/types\/page"}],"author":[{"embeddable":true,"href":"https:\/\/wetterauer-kanalreinigung.de\/index.php\/wp-json\/wp\/v2\/users\/1"}],"replies":[{"embeddable":true,"href":"https:\/\/wetterauer-kanalreinigung.de\/index.php\/wp-json\/wp\/v2\/comments?post=50"}],"version-history":[{"count":1,"href":"https:\/\/wetterauer-kanalreinigung.de\/index.php\/wp-json\/wp\/v2\/pages\/50\/revisions"}],"predecessor-version":[{"id":61,"href":"https:\/\/wetterauer-kanalreinigung.de\/index.php\/wp-json\/wp\/v2\/pages\/50\/revisions\/61"}],"wp:attachment":[{"href":"https:\/\/wetterauer-kanalreinigung.de\/index.php\/wp-json\/wp\/v2\/media?parent=50"}],"curies":[{"name":"wp","href":"https:\/\/api.w.org\/{rel}","templated":true}]}}